{"id":679,"date":"2024-04-03T02:29:00","date_gmt":"2024-04-03T02:29:00","guid":{"rendered":"https:\/\/carroetecnica.com.br\/curso\/?page_id=679"},"modified":"2024-09-28T02:01:33","modified_gmt":"2024-09-28T02:01:33","slug":"promocao-relampago","status":"publish","type":"page","link":"https:\/\/carroetecnica.com.br\/curso\/promocao-relampago\/","title":{"rendered":"Promocao Relampago"},"content":{"rendered":"\t\t<div data-elementor-type=\"wp-page\" data-elementor-id=\"679\" class=\"elementor elementor-679\" data-elementor-settings=\"{&quot;ha_cmc_init_switcher&quot;:&quot;no&quot;}\">\n\t\t\t\t<div class=\"elementor-element elementor-element-d2c1df8 e-flex e-con-boxed e-con e-parent\" data-id=\"d2c1df8\" data-element_type=\"container\" data-e-type=\"container\" data-settings=\"{&quot;background_background&quot;:&quot;classic&quot;,&quot;_ha_eqh_enable&quot;:false}\">\n\t\t\t\t\t<div class=\"e-con-inner\">\n\t\t<div class=\"elementor-element elementor-element-c9d2ae2 e-con-full e-flex e-con e-child\" data-id=\"c9d2ae2\" data-element_type=\"container\" data-e-type=\"container\" data-settings=\"{&quot;_ha_eqh_enable&quot;:false}\">\n\t\t\t\t<div class=\"elementor-element elementor-element-bff2054 elementor-widget elementor-widget-image\" data-id=\"bff2054\" data-element_type=\"widget\" data-e-type=\"widget\" data-widget_type=\"image.default\">\n\t\t\t\t<div class=\"elementor-widget-container\">\n\t\t\t\t\t\t\t\t\t\t\t\t\t\t\t<img decoding=\"async\" width=\"150\" height=\"150\" data-src=\"https:\/\/carroetecnica.com.br\/curso\/wp-content\/uploads\/2024\/02\/logo2-150x150.png\" class=\"attachment-thumbnail size-thumbnail wp-image-289 lazyload\" alt=\"Logo Carro &amp; T\u00e9cnica Logo Carro e T\u00e9cnica\" data-srcset=\"https:\/\/carroetecnica.com.br\/curso\/wp-content\/uploads\/2024\/02\/logo2-150x150.png 150w, https:\/\/carroetecnica.com.br\/curso\/wp-content\/uploads\/2024\/02\/logo2-300x300.png 300w, https:\/\/carroetecnica.com.br\/curso\/wp-content\/uploads\/2024\/02\/logo2-1024x1024.png 1024w, https:\/\/carroetecnica.com.br\/curso\/wp-content\/uploads\/2024\/02\/logo2-768x768.png 768w, https:\/\/carroetecnica.com.br\/curso\/wp-content\/uploads\/2024\/02\/logo2.png 1080w\" data-sizes=\"(max-width: 150px) 100vw, 150px\" src=\"data:image\/svg+xml;base64,PHN2ZyB3aWR0aD0iMSIgaGVpZ2h0PSIxIiB4bWxucz0iaHR0cDovL3d3dy53My5vcmcvMjAwMC9zdmciPjwvc3ZnPg==\" style=\"--smush-placeholder-width: 150px; --smush-placeholder-aspect-ratio: 150\/150;\" \/>\t\t\t\t\t\t\t\t\t\t\t\t\t\t\t<\/div>\n\t\t\t\t<\/div>\n\t\t\t\t<div class=\"elementor-element elementor-element-38b8ae9 elementor-widget elementor-widget-heading\" data-id=\"38b8ae9\" data-element_type=\"widget\" data-e-type=\"widget\" data-widget_type=\"heading.default\">\n\t\t\t\t<div class=\"elementor-widget-container\">\n\t\t\t\t\t<h2 class=\"elementor-heading-title elementor-size-default\">CARRO &amp; T\u00c9CNICA TREINAMENTOS AUTOMOTIVOS<\/h2>\t\t\t\t<\/div>\n\t\t\t\t<\/div>\n\t\t\t\t<div class=\"elementor-element elementor-element-68ee65d elementor-shape-rounded elementor-grid-0 e-grid-align-center ha-has-bg-overlay elementor-widget elementor-widget-social-icons\" data-id=\"68ee65d\" data-element_type=\"widget\" data-e-type=\"widget\" data-widget_type=\"social-icons.default\">\n\t\t\t\t<div class=\"elementor-widget-container\">\n\t\t\t\t\t\t\t<div class=\"elementor-social-icons-wrapper elementor-grid\" role=\"list\">\n\t\t\t\t\t\t\t<span class=\"elementor-grid-item\" role=\"listitem\">\n\t\t\t\t\t<a class=\"elementor-icon elementor-social-icon elementor-social-icon-facebook elementor-repeater-item-270c26b\" href=\"https:\/\/www.facebook.com\/carroetecnica\" target=\"_blank\">\n\t\t\t\t\t\t<span class=\"elementor-screen-only\">Facebook<\/span>\n\t\t\t\t\t\t<svg aria-hidden=\"true\" class=\"e-font-icon-svg e-fab-facebook\" viewBox=\"0 0 512 512\" xmlns=\"http:\/\/www.w3.org\/2000\/svg\"><path d=\"M504 256C504 119 393 8 256 8S8 119 8 256c0 123.78 90.69 226.38 209.25 245V327.69h-63V256h63v-54.64c0-62.15 37-96.48 93.67-96.48 27.14 0 55.52 4.84 55.52 4.84v61h-31.28c-30.8 0-40.41 19.12-40.41 38.73V256h68.78l-11 71.69h-57.78V501C413.31 482.38 504 379.78 504 256z\"><\/path><\/svg>\t\t\t\t\t<\/a>\n\t\t\t\t<\/span>\n\t\t\t\t\t\t\t<span class=\"elementor-grid-item\" role=\"listitem\">\n\t\t\t\t\t<a class=\"elementor-icon elementor-social-icon elementor-social-icon-youtube elementor-repeater-item-c8b1f79\" href=\"https:\/\/www.youtube.com\/channel\/UCM-wPL50gpq0qELU0wYcC0Q\" target=\"_blank\">\n\t\t\t\t\t\t<span class=\"elementor-screen-only\">Youtube<\/span>\n\t\t\t\t\t\t<svg aria-hidden=\"true\" class=\"e-font-icon-svg e-fab-youtube\" viewBox=\"0 0 576 512\" xmlns=\"http:\/\/www.w3.org\/2000\/svg\"><path d=\"M549.655 124.083c-6.281-23.65-24.787-42.276-48.284-48.597C458.781 64 288 64 288 64S117.22 64 74.629 75.486c-23.497 6.322-42.003 24.947-48.284 48.597-11.412 42.867-11.412 132.305-11.412 132.305s0 89.438 11.412 132.305c6.281 23.65 24.787 41.5 48.284 47.821C117.22 448 288 448 288 448s170.78 0 213.371-11.486c23.497-6.321 42.003-24.171 48.284-47.821 11.412-42.867 11.412-132.305 11.412-132.305s0-89.438-11.412-132.305zm-317.51 213.508V175.185l142.739 81.205-142.739 81.201z\"><\/path><\/svg>\t\t\t\t\t<\/a>\n\t\t\t\t<\/span>\n\t\t\t\t\t\t\t<span class=\"elementor-grid-item\" role=\"listitem\">\n\t\t\t\t\t<a class=\"elementor-icon elementor-social-icon elementor-social-icon-instagram elementor-repeater-item-e0c24b1\" href=\"https:\/\/www.instagram.com\/carroetecnica\" target=\"_blank\">\n\t\t\t\t\t\t<span class=\"elementor-screen-only\">Instagram<\/span>\n\t\t\t\t\t\t<svg aria-hidden=\"true\" class=\"e-font-icon-svg e-fab-instagram\" viewBox=\"0 0 448 512\" xmlns=\"http:\/\/www.w3.org\/2000\/svg\"><path d=\"M224.1 141c-63.6 0-114.9 51.3-114.9 114.9s51.3 114.9 114.9 114.9S339 319.5 339 255.9 287.7 141 224.1 141zm0 189.6c-41.1 0-74.7-33.5-74.7-74.7s33.5-74.7 74.7-74.7 74.7 33.5 74.7 74.7-33.6 74.7-74.7 74.7zm146.4-194.3c0 14.9-12 26.8-26.8 26.8-14.9 0-26.8-12-26.8-26.8s12-26.8 26.8-26.8 26.8 12 26.8 26.8zm76.1 27.2c-1.7-35.9-9.9-67.7-36.2-93.9-26.2-26.2-58-34.4-93.9-36.2-37-2.1-147.9-2.1-184.9 0-35.8 1.7-67.6 9.9-93.9 36.1s-34.4 58-36.2 93.9c-2.1 37-2.1 147.9 0 184.9 1.7 35.9 9.9 67.7 36.2 93.9s58 34.4 93.9 36.2c37 2.1 147.9 2.1 184.9 0 35.9-1.7 67.7-9.9 93.9-36.2 26.2-26.2 34.4-58 36.2-93.9 2.1-37 2.1-147.8 0-184.8zM398.8 388c-7.8 19.6-22.9 34.7-42.6 42.6-29.5 11.7-99.5 9-132.1 9s-102.7 2.6-132.1-9c-19.6-7.8-34.7-22.9-42.6-42.6-11.7-29.5-9-99.5-9-132.1s-2.6-102.7 9-132.1c7.8-19.6 22.9-34.7 42.6-42.6 29.5-11.7 99.5-9 132.1-9s102.7-2.6 132.1 9c19.6 7.8 34.7 22.9 42.6 42.6 11.7 29.5 9 99.5 9 132.1s2.7 102.7-9 132.1z\"><\/path><\/svg>\t\t\t\t\t<\/a>\n\t\t\t\t<\/span>\n\t\t\t\t\t\t\t<span class=\"elementor-grid-item\" role=\"listitem\">\n\t\t\t\t\t<a class=\"elementor-icon elementor-social-icon elementor-social-icon-whatsapp elementor-repeater-item-e745a1c\" href=\"https:\/\/chat.whatsapp.com\/KmEQYzbFyEK9rWMZgCn2vn\" target=\"_blank\">\n\t\t\t\t\t\t<span class=\"elementor-screen-only\">Whatsapp<\/span>\n\t\t\t\t\t\t<svg aria-hidden=\"true\" class=\"e-font-icon-svg e-fab-whatsapp\" viewBox=\"0 0 448 512\" xmlns=\"http:\/\/www.w3.org\/2000\/svg\"><path d=\"M380.9 97.1C339 55.1 283.2 32 223.9 32c-122.4 0-222 99.6-222 222 0 39.1 10.2 77.3 29.6 111L0 480l117.7-30.9c32.4 17.7 68.9 27 106.1 27h.1c122.3 0 224.1-99.6 224.1-222 0-59.3-25.2-115-67.1-157zm-157 341.6c-33.2 0-65.7-8.9-94-25.7l-6.7-4-69.8 18.3L72 359.2l-4.4-7c-18.5-29.4-28.2-63.3-28.2-98.2 0-101.7 82.8-184.5 184.6-184.5 49.3 0 95.6 19.2 130.4 54.1 34.8 34.9 56.2 81.2 56.1 130.5 0 101.8-84.9 184.6-186.6 184.6zm101.2-138.2c-5.5-2.8-32.8-16.2-37.9-18-5.1-1.9-8.8-2.8-12.5 2.8-3.7 5.6-14.3 18-17.6 21.8-3.2 3.7-6.5 4.2-12 1.4-32.6-16.3-54-29.1-75.5-66-5.7-9.8 5.7-9.1 16.3-30.3 1.8-3.7.9-6.9-.5-9.7-1.4-2.8-12.5-30.1-17.1-41.2-4.5-10.8-9.1-9.3-12.5-9.5-3.2-.2-6.9-.2-10.6-.2-3.7 0-9.7 1.4-14.8 6.9-5.1 5.6-19.4 19-19.4 46.3 0 27.3 19.9 53.7 22.6 57.4 2.8 3.7 39.1 59.7 94.8 83.8 35.2 15.2 49 16.5 66.6 13.9 10.7-1.6 32.8-13.4 37.4-26.4 4.6-13 4.6-24.1 3.2-26.4-1.3-2.5-5-3.9-10.5-6.6z\"><\/path><\/svg>\t\t\t\t\t<\/a>\n\t\t\t\t<\/span>\n\t\t\t\t\t<\/div>\n\t\t\t\t\t\t<\/div>\n\t\t\t\t<\/div>\n\t\t\t\t<\/div>\n\t\t\t\t\t<\/div>\n\t\t\t\t<\/div>\n\t\t<div class=\"elementor-element elementor-element-87f2b30 e-flex e-con-boxed e-con e-parent\" data-id=\"87f2b30\" data-element_type=\"container\" data-e-type=\"container\" data-settings=\"{&quot;background_background&quot;:&quot;classic&quot;,&quot;_ha_eqh_enable&quot;:false}\">\n\t\t\t\t\t<div class=\"e-con-inner\">\n\t\t<div class=\"elementor-element elementor-element-f0dba83 e-con-full e-flex e-con e-child\" data-id=\"f0dba83\" data-element_type=\"container\" data-e-type=\"container\" data-settings=\"{&quot;_ha_eqh_enable&quot;:false}\">\n\t\t\t\t<div class=\"elementor-element elementor-element-ae78688 ha-has-bg-overlay elementor-widget elementor-widget-heading\" data-id=\"ae78688\" data-element_type=\"widget\" data-e-type=\"widget\" data-widget_type=\"heading.default\">\n\t\t\t\t<div class=\"elementor-widget-container\">\n\t\t\t\t\t<h2 class=\"elementor-heading-title elementor-size-default\">Promo\u00e7\u00e3o De Anivers\u00e1rio<\/h2>\t\t\t\t<\/div>\n\t\t\t\t<\/div>\n\t\t\t\t<div class=\"elementor-element elementor-element-874fea4 elementor-align-center elementor-hidden-desktop elementor-widget elementor-widget-button\" data-id=\"874fea4\" data-element_type=\"widget\" data-e-type=\"widget\" data-widget_type=\"button.default\">\n\t\t\t\t<div class=\"elementor-widget-container\">\n\t\t\t\t\t\t\t\t\t<div class=\"elementor-button-wrapper\">\n\t\t\t\t\t<a class=\"elementor-button elementor-button-link elementor-size-sm elementor-animation-pulse\" href=\"https:\/\/chat.whatsapp.com\/KmEQYzbFyEK9rWMZgCn2vn\" target=\"_blank\">\n\t\t\t\t\t\t<span class=\"elementor-button-content-wrapper\">\n\t\t\t\t\t\t<span class=\"elementor-button-icon\">\n\t\t\t\t<svg aria-hidden=\"true\" class=\"e-font-icon-svg e-fab-whatsapp\" viewBox=\"0 0 448 512\" xmlns=\"http:\/\/www.w3.org\/2000\/svg\"><path d=\"M380.9 97.1C339 55.1 283.2 32 223.9 32c-122.4 0-222 99.6-222 222 0 39.1 10.2 77.3 29.6 111L0 480l117.7-30.9c32.4 17.7 68.9 27 106.1 27h.1c122.3 0 224.1-99.6 224.1-222 0-59.3-25.2-115-67.1-157zm-157 341.6c-33.2 0-65.7-8.9-94-25.7l-6.7-4-69.8 18.3L72 359.2l-4.4-7c-18.5-29.4-28.2-63.3-28.2-98.2 0-101.7 82.8-184.5 184.6-184.5 49.3 0 95.6 19.2 130.4 54.1 34.8 34.9 56.2 81.2 56.1 130.5 0 101.8-84.9 184.6-186.6 184.6zm101.2-138.2c-5.5-2.8-32.8-16.2-37.9-18-5.1-1.9-8.8-2.8-12.5 2.8-3.7 5.6-14.3 18-17.6 21.8-3.2 3.7-6.5 4.2-12 1.4-32.6-16.3-54-29.1-75.5-66-5.7-9.8 5.7-9.1 16.3-30.3 1.8-3.7.9-6.9-.5-9.7-1.4-2.8-12.5-30.1-17.1-41.2-4.5-10.8-9.1-9.3-12.5-9.5-3.2-.2-6.9-.2-10.6-.2-3.7 0-9.7 1.4-14.8 6.9-5.1 5.6-19.4 19-19.4 46.3 0 27.3 19.9 53.7 22.6 57.4 2.8 3.7 39.1 59.7 94.8 83.8 35.2 15.2 49 16.5 66.6 13.9 10.7-1.6 32.8-13.4 37.4-26.4 4.6-13 4.6-24.1 3.2-26.4-1.3-2.5-5-3.9-10.5-6.6z\"><\/path><\/svg>\t\t\t<\/span>\n\t\t\t\t\t\t\t\t\t<span class=\"elementor-button-text\">Entrar no Grupo de Whatsapp<\/span>\n\t\t\t\t\t<\/span>\n\t\t\t\t\t<\/a>\n\t\t\t\t<\/div>\n\t\t\t\t\t\t\t\t<\/div>\n\t\t\t\t<\/div>\n\t\t\t\t<div class=\"elementor-element elementor-element-a21852c elementor-widget elementor-widget-text-editor\" data-id=\"a21852c\" data-element_type=\"widget\" data-e-type=\"widget\" data-widget_type=\"text-editor.default\">\n\t\t\t\t<div class=\"elementor-widget-container\">\n\t\t\t\t\t\t\t\t\t<h3 style=\"margin-block: 0.5rem 1rem; font-family: 'Source Sans Pro', sans-serif; line-height: 1.2; color: #000000; font-size: 1.75rem; text-align: center;\">Junte-se ao&nbsp;<a href=\"https:\/\/chat.whatsapp.com\/KmEQYzbFyEK9rWMZgCn2vn\" target=\"_blank\" rel=\"noopener\"><u><i>Nosso Grupo Exclusivo<\/i><\/u><\/a>&nbsp;e Aproveite a Promo\u00e7\u00e3o De Anivers\u00e1rio!&nbsp;<\/h3><h3 style=\"margin-block: 0.5rem 1rem; font-family: 'Source Sans Pro', sans-serif; line-height: 1.2; color: #000000; font-size: 1.75rem; text-align: center;\">Qualquer curso por apenas R$ 297<\/h3>\n<p style=\"margin-block: 0px 0.9rem; color: #000000; font-family: 'Source Sans Pro', sans-serif; font-size: 19px; font-weight: 600; text-align: center;\">Quer transformar sua paix\u00e3o por DIAGN\u00d3STICOS AUTOMOTIVOS em uma carreira lucrativa? Temos uma oportunidade especial para voc\u00ea!<\/p>\n<h3 style=\"margin-block: 0.5rem 1rem; font-family: 'Source Sans Pro', sans-serif; line-height: 1.2; color: #000000; font-size: 1.75rem; text-align: center;\">De 01 a 08\/10\/2024<\/h3>\n<h3 style=\"margin-block: 0.5rem 1rem; font-family: 'Source Sans Pro', sans-serif; line-height: 1.2; color: #000000; font-size: 1.75rem; text-align: center;\">Qualquer um dos cursos por apenas R$ 297.<\/h3>\n<h3 style=\"margin-block: 0.5rem 1rem; font-family: 'Source Sans Pro', sans-serif; line-height: 1.2; color: #000000; font-size: 1.75rem; text-align: center;\">Entre no nosso grupo para receber:<\/h3>\n<ul style=\"margin-block: 0px; border: 0px; outline: 0px; font-size: 19px; vertical-align: baseline; background-image: initial; background-position: initial; background-size: initial; background-repeat: initial; background-attachment: initial; background-origin: initial; background-clip: initial; color: #000000; font-family: 'Source Sans Pro', sans-serif; font-weight: 600; text-align: center;\">\n<li style=\"margin-block: 0px; border: 0px; outline: 0px; vertical-align: baseline; background: transparent;\"><span style=\"font-weight: bolder;\">Acesso Antecipado:<\/span>&nbsp;Receba primeiro informa\u00e7\u00f5es sobre nossas promo\u00e7\u00f5es exclusivas para os Cursos da&nbsp;&nbsp;<span style=\"font-weight: bolder;\">Carro &amp; T\u00e9cnica Treinamentos Automotivos<\/span>.<\/li>\n<li style=\"margin-block: 0px; border: 0px; outline: 0px; vertical-align: baseline; background: transparent;\"><span style=\"font-weight: bolder;\">Conte\u00fado Exclusivo:<\/span>&nbsp;Dicas, guias e insights sobre Diagn\u00f3sticos automotivos dispon\u00edveis apenas para os membros do grupo.<\/li>\n<li style=\"margin-block: 0px; border: 0px; outline: 0px; vertical-align: baseline; background: transparent;\"><span style=\"font-weight: bolder;\">Interatividade:<\/span>&nbsp;Tire suas d\u00favidas diretamente com nossos especialistas e interaja com outros entusiastas.<\/li>\n<\/ul>\n<h3 style=\"margin-block: 0.5rem 1rem; font-family: 'Source Sans Pro', sans-serif; line-height: 1.2; color: #000000; font-size: 1.75rem; text-align: center;\">Como Participar?<\/h3>\n<p style=\"margin-block: 0px 0.9rem; color: #000000; font-family: 'Source Sans Pro', sans-serif; font-size: 19px; font-weight: 600; text-align: center;\">Simples! Clique no bot\u00e3o abaixo para entrar no nosso grupo de WhatsApp. L\u00e1, voc\u00ea receber\u00e1 todas as informa\u00e7\u00f5es sobre como aproveitar nossas ofertas especiais.<\/p>\n<p style=\"margin-block: 0px 0.9rem; color: #000000; font-family: 'Source Sans Pro', sans-serif; font-size: 19px; font-weight: 600; text-align: center;\"><span style=\"font-weight: bolder;\">Aten\u00e7\u00e3o:<\/span>&nbsp;As vagas no grupo s\u00e3o limitadas para garantir a qualidade da intera\u00e7\u00e3o. Garanta sua participa\u00e7\u00e3o agora mesmo!<\/p>\t\t\t\t\t\t\t\t<\/div>\n\t\t\t\t<\/div>\n\t\t\t\t<div class=\"elementor-element elementor-element-e4f0864 elementor-align-center elementor-widget elementor-widget-button\" data-id=\"e4f0864\" data-element_type=\"widget\" data-e-type=\"widget\" data-widget_type=\"button.default\">\n\t\t\t\t<div class=\"elementor-widget-container\">\n\t\t\t\t\t\t\t\t\t<div class=\"elementor-button-wrapper\">\n\t\t\t\t\t<a class=\"elementor-button elementor-button-link elementor-size-sm elementor-animation-pulse\" href=\"https:\/\/chat.whatsapp.com\/KmEQYzbFyEK9rWMZgCn2vn\" target=\"_blank\">\n\t\t\t\t\t\t<span class=\"elementor-button-content-wrapper\">\n\t\t\t\t\t\t<span class=\"elementor-button-icon\">\n\t\t\t\t<svg aria-hidden=\"true\" class=\"e-font-icon-svg e-fab-whatsapp\" viewBox=\"0 0 448 512\" xmlns=\"http:\/\/www.w3.org\/2000\/svg\"><path d=\"M380.9 97.1C339 55.1 283.2 32 223.9 32c-122.4 0-222 99.6-222 222 0 39.1 10.2 77.3 29.6 111L0 480l117.7-30.9c32.4 17.7 68.9 27 106.1 27h.1c122.3 0 224.1-99.6 224.1-222 0-59.3-25.2-115-67.1-157zm-157 341.6c-33.2 0-65.7-8.9-94-25.7l-6.7-4-69.8 18.3L72 359.2l-4.4-7c-18.5-29.4-28.2-63.3-28.2-98.2 0-101.7 82.8-184.5 184.6-184.5 49.3 0 95.6 19.2 130.4 54.1 34.8 34.9 56.2 81.2 56.1 130.5 0 101.8-84.9 184.6-186.6 184.6zm101.2-138.2c-5.5-2.8-32.8-16.2-37.9-18-5.1-1.9-8.8-2.8-12.5 2.8-3.7 5.6-14.3 18-17.6 21.8-3.2 3.7-6.5 4.2-12 1.4-32.6-16.3-54-29.1-75.5-66-5.7-9.8 5.7-9.1 16.3-30.3 1.8-3.7.9-6.9-.5-9.7-1.4-2.8-12.5-30.1-17.1-41.2-4.5-10.8-9.1-9.3-12.5-9.5-3.2-.2-6.9-.2-10.6-.2-3.7 0-9.7 1.4-14.8 6.9-5.1 5.6-19.4 19-19.4 46.3 0 27.3 19.9 53.7 22.6 57.4 2.8 3.7 39.1 59.7 94.8 83.8 35.2 15.2 49 16.5 66.6 13.9 10.7-1.6 32.8-13.4 37.4-26.4 4.6-13 4.6-24.1 3.2-26.4-1.3-2.5-5-3.9-10.5-6.6z\"><\/path><\/svg>\t\t\t<\/span>\n\t\t\t\t\t\t\t\t\t<span class=\"elementor-button-text\">Entrar no Grupo de Whatsapp<\/span>\n\t\t\t\t\t<\/span>\n\t\t\t\t\t<\/a>\n\t\t\t\t<\/div>\n\t\t\t\t\t\t\t\t<\/div>\n\t\t\t\t<\/div>\n\t\t<div class=\"elementor-element elementor-element-6ead5dd e-con-full e-flex e-con e-child\" data-id=\"6ead5dd\" data-element_type=\"container\" data-e-type=\"container\" data-settings=\"{&quot;background_background&quot;:&quot;classic&quot;,&quot;_ha_eqh_enable&quot;:false}\">\n\t\t\t\t<div class=\"elementor-element elementor-element-c40681b elementor-widget elementor-widget-image\" data-id=\"c40681b\" data-element_type=\"widget\" data-e-type=\"widget\" data-widget_type=\"image.default\">\n\t\t\t\t<div class=\"elementor-widget-container\">\n\t\t\t\t\t\t\t\t\t\t\t\t\t\t\t\t<a href=\"https:\/\/chat.whatsapp.com\/KmEQYzbFyEK9rWMZgCn2vn\" target=\"_blank\">\n\t\t\t\t\t\t\t<img fetchpriority=\"high\" decoding=\"async\" width=\"1024\" height=\"1024\" src=\"https:\/\/carroetecnica.com.br\/curso\/wp-content\/uploads\/2024\/02\/cursos-1024x1024.png\" class=\"attachment-large size-large wp-image-364\" alt=\"\" srcset=\"https:\/\/carroetecnica.com.br\/curso\/wp-content\/uploads\/2024\/02\/cursos-1024x1024.png 1024w, https:\/\/carroetecnica.com.br\/curso\/wp-content\/uploads\/2024\/02\/cursos-300x300.png 300w, https:\/\/carroetecnica.com.br\/curso\/wp-content\/uploads\/2024\/02\/cursos-150x150.png 150w, https:\/\/carroetecnica.com.br\/curso\/wp-content\/uploads\/2024\/02\/cursos-768x768.png 768w, https:\/\/carroetecnica.com.br\/curso\/wp-content\/uploads\/2024\/02\/cursos.png 1080w\" sizes=\"(max-width: 1024px) 100vw, 1024px\" \/>\t\t\t\t\t\t\t\t<\/a>\n\t\t\t\t\t\t\t\t\t\t\t\t\t\t\t<\/div>\n\t\t\t\t<\/div>\n\t\t\t\t<div class=\"elementor-element elementor-element-8e1f33e elementor-align-center elementor-hidden-desktop elementor-widget elementor-widget-button\" data-id=\"8e1f33e\" data-element_type=\"widget\" data-e-type=\"widget\" data-widget_type=\"button.default\">\n\t\t\t\t<div class=\"elementor-widget-container\">\n\t\t\t\t\t\t\t\t\t<div class=\"elementor-button-wrapper\">\n\t\t\t\t\t<a class=\"elementor-button elementor-button-link elementor-size-sm elementor-animation-pulse\" href=\"https:\/\/chat.whatsapp.com\/KmEQYzbFyEK9rWMZgCn2vn\" target=\"_blank\">\n\t\t\t\t\t\t<span class=\"elementor-button-content-wrapper\">\n\t\t\t\t\t\t<span class=\"elementor-button-icon\">\n\t\t\t\t<svg aria-hidden=\"true\" class=\"e-font-icon-svg e-fab-whatsapp\" viewBox=\"0 0 448 512\" xmlns=\"http:\/\/www.w3.org\/2000\/svg\"><path d=\"M380.9 97.1C339 55.1 283.2 32 223.9 32c-122.4 0-222 99.6-222 222 0 39.1 10.2 77.3 29.6 111L0 480l117.7-30.9c32.4 17.7 68.9 27 106.1 27h.1c122.3 0 224.1-99.6 224.1-222 0-59.3-25.2-115-67.1-157zm-157 341.6c-33.2 0-65.7-8.9-94-25.7l-6.7-4-69.8 18.3L72 359.2l-4.4-7c-18.5-29.4-28.2-63.3-28.2-98.2 0-101.7 82.8-184.5 184.6-184.5 49.3 0 95.6 19.2 130.4 54.1 34.8 34.9 56.2 81.2 56.1 130.5 0 101.8-84.9 184.6-186.6 184.6zm101.2-138.2c-5.5-2.8-32.8-16.2-37.9-18-5.1-1.9-8.8-2.8-12.5 2.8-3.7 5.6-14.3 18-17.6 21.8-3.2 3.7-6.5 4.2-12 1.4-32.6-16.3-54-29.1-75.5-66-5.7-9.8 5.7-9.1 16.3-30.3 1.8-3.7.9-6.9-.5-9.7-1.4-2.8-12.5-30.1-17.1-41.2-4.5-10.8-9.1-9.3-12.5-9.5-3.2-.2-6.9-.2-10.6-.2-3.7 0-9.7 1.4-14.8 6.9-5.1 5.6-19.4 19-19.4 46.3 0 27.3 19.9 53.7 22.6 57.4 2.8 3.7 39.1 59.7 94.8 83.8 35.2 15.2 49 16.5 66.6 13.9 10.7-1.6 32.8-13.4 37.4-26.4 4.6-13 4.6-24.1 3.2-26.4-1.3-2.5-5-3.9-10.5-6.6z\"><\/path><\/svg>\t\t\t<\/span>\n\t\t\t\t\t\t\t\t\t<span class=\"elementor-button-text\">Entrar no Grupo de Whatsapp<\/span>\n\t\t\t\t\t<\/span>\n\t\t\t\t\t<\/a>\n\t\t\t\t<\/div>\n\t\t\t\t\t\t\t\t<\/div>\n\t\t\t\t<\/div>\n\t\t\t\t<\/div>\n\t\t\t\t<\/div>\n\t\t\t\t\t<\/div>\n\t\t\t\t<\/div>\n\t\t\t\t<\/div>\n\t\t","protected":false},"excerpt":{"rendered":"<p>CARRO &amp; T\u00c9CNICA TREINAMENTOS AUTOMOTIVOS Facebook Youtube Instagram Whatsapp Promo\u00e7\u00e3o De Anivers\u00e1rio Entrar no Grupo de Whatsapp Junte-se ao&nbsp;Nosso Grupo Exclusivo&nbsp;e Aproveite a Promo\u00e7\u00e3o De Anivers\u00e1rio!&nbsp; Qualquer curso por apenas R$ 297 Quer transformar sua paix\u00e3o por DIAGN\u00d3STICOS AUTOMOTIVOS em uma carreira lucrativa? Temos uma oportunidade especial para voc\u00ea! De 01 a 08\/10\/2024 Qualquer um [&hellip;]<\/p>\n","protected":false},"author":1,"featured_media":0,"parent":0,"menu_order":0,"comment_status":"closed","ping_status":"closed","template":"elementor_canvas","meta":{"_joinchat":[],"footnotes":""},"class_list":["post-679","page","type-page","status-publish","hentry"],"_links":{"self":[{"href":"https:\/\/carroetecnica.com.br\/curso\/wp-json\/wp\/v2\/pages\/679","targetHints":{"allow":["GET"]}}],"collection":[{"href":"https:\/\/carroetecnica.com.br\/curso\/wp-json\/wp\/v2\/pages"}],"about":[{"href":"https:\/\/carroetecnica.com.br\/curso\/wp-json\/wp\/v2\/types\/page"}],"author":[{"embeddable":true,"href":"https:\/\/carroetecnica.com.br\/curso\/wp-json\/wp\/v2\/users\/1"}],"replies":[{"embeddable":true,"href":"https:\/\/carroetecnica.com.br\/curso\/wp-json\/wp\/v2\/comments?post=679"}],"version-history":[{"count":97,"href":"https:\/\/carroetecnica.com.br\/curso\/wp-json\/wp\/v2\/pages\/679\/revisions"}],"predecessor-version":[{"id":2240,"href":"https:\/\/carroetecnica.com.br\/curso\/wp-json\/wp\/v2\/pages\/679\/revisions\/2240"}],"wp:attachment":[{"href":"https:\/\/carroetecnica.com.br\/curso\/wp-json\/wp\/v2\/media?parent=679"}],"curies":[{"name":"wp","href":"https:\/\/api.w.org\/{rel}","templated":true}]}}