{"id":14,"date":"2024-01-16T00:15:29","date_gmt":"2024-01-16T00:15:29","guid":{"rendered":"https:\/\/carroetecnica.com.br\/curso\/?page_id=14"},"modified":"2025-01-07T01:41:28","modified_gmt":"2025-01-07T01:41:28","slug":"home","status":"publish","type":"page","link":"https:\/\/carroetecnica.com.br\/curso\/","title":{"rendered":"Home"},"content":{"rendered":"\t\t<div data-elementor-type=\"wp-page\" data-elementor-id=\"14\" class=\"elementor elementor-14\" data-elementor-settings=\"{&quot;ha_cmc_init_switcher&quot;:&quot;no&quot;}\">\n\t\t\t\t<div class=\"elementor-element elementor-element-0d30591 e-flex e-con-boxed e-con e-parent\" data-id=\"0d30591\" data-element_type=\"container\" data-e-type=\"container\" data-settings=\"{&quot;_ha_eqh_enable&quot;:false}\">\n\t\t\t\t\t<div class=\"e-con-inner\">\n\t\t\t\t<div class=\"elementor-element elementor-element-e374ecf elementor-widget elementor-widget-image\" data-id=\"e374ecf\" data-element_type=\"widget\" data-e-type=\"widget\" data-widget_type=\"image.default\">\n\t\t\t\t<div class=\"elementor-widget-container\">\n\t\t\t\t\t\t\t\t\t\t\t\t\t\t\t\t<a href=\"https:\/\/carroetecnica.com.br\/\" target=\"_blank\">\n\t\t\t\t\t\t\t<img fetchpriority=\"high\" decoding=\"async\" width=\"1024\" height=\"1024\" src=\"https:\/\/carroetecnica.com.br\/curso\/wp-content\/uploads\/2024\/02\/logo2-1024x1024.png\" class=\"attachment-large size-large wp-image-289\" alt=\"Logo Carro &amp; T\u00e9cnica Logo Carro e T\u00e9cnica\" srcset=\"https:\/\/carroetecnica.com.br\/curso\/wp-content\/uploads\/2024\/02\/logo2-1024x1024.png 1024w, https:\/\/carroetecnica.com.br\/curso\/wp-content\/uploads\/2024\/02\/logo2-300x300.png 300w, https:\/\/carroetecnica.com.br\/curso\/wp-content\/uploads\/2024\/02\/logo2-150x150.png 150w, https:\/\/carroetecnica.com.br\/curso\/wp-content\/uploads\/2024\/02\/logo2-768x768.png 768w, https:\/\/carroetecnica.com.br\/curso\/wp-content\/uploads\/2024\/02\/logo2.png 1080w\" sizes=\"(max-width: 1024px) 100vw, 1024px\" \/>\t\t\t\t\t\t\t\t<\/a>\n\t\t\t\t\t\t\t\t\t\t\t\t\t\t\t<\/div>\n\t\t\t\t<\/div>\n\t\t<div class=\"elementor-element elementor-element-2ff1e93 e-con-full elementor-hidden-tablet elementor-hidden-mobile e-flex e-con e-child\" data-id=\"2ff1e93\" data-element_type=\"container\" data-e-type=\"container\" data-settings=\"{&quot;background_background&quot;:&quot;classic&quot;,&quot;_ha_eqh_enable&quot;:false}\">\n\t\t\t\t<div class=\"elementor-element elementor-element-65bea99 elementor-widget elementor-widget-heading\" data-id=\"65bea99\" data-element_type=\"widget\" data-e-type=\"widget\" data-widget_type=\"heading.default\">\n\t\t\t\t<div class=\"elementor-widget-container\">\n\t\t\t\t\t<h2 class=\"elementor-heading-title elementor-size-default\"><a href=\"https:\/\/carroetecnica.com.br\/\">Carro &amp; T\u00e9cnica Treinamentos<\/a><\/h2>\t\t\t\t<\/div>\n\t\t\t\t<\/div>\n\t\t\t\t<div class=\"elementor-element elementor-element-67b4506 elementor-widget elementor-widget-text-editor\" data-id=\"67b4506\" data-element_type=\"widget\" data-e-type=\"widget\" data-widget_type=\"text-editor.default\">\n\t\t\t\t<div class=\"elementor-widget-container\">\n\t\t\t\t\t\t\t\t\t<p>Voc\u00ea diagnosticando melhor!<\/p>\t\t\t\t\t\t\t\t<\/div>\n\t\t\t\t<\/div>\n\t\t\t\t<\/div>\n\t\t\t\t\t<\/div>\n\t\t\t\t<\/div>\n\t\t<div class=\"elementor-element elementor-element-53e33da e-flex e-con-boxed e-con e-parent\" data-id=\"53e33da\" data-element_type=\"container\" data-e-type=\"container\" data-settings=\"{&quot;background_background&quot;:&quot;classic&quot;,&quot;_ha_eqh_enable&quot;:false}\">\n\t\t\t\t\t<div class=\"e-con-inner\">\n\t\t\t\t<div class=\"elementor-element elementor-element-38df6e5 animated-slow elementor-invisible elementor-widget elementor-widget-heading\" data-id=\"38df6e5\" data-element_type=\"widget\" data-e-type=\"widget\" data-settings=\"{&quot;_animation&quot;:&quot;fadeInLeft&quot;}\" data-widget_type=\"heading.default\">\n\t\t\t\t<div class=\"elementor-widget-container\">\n\t\t\t\t\t<h2 class=\"elementor-heading-title elementor-size-default\">AUMENTE SEU FATURAMENTO REALIZANDO DIAGN\u00d3STICOS R\u00c1PIDOS E PRECISOS<\/h2>\t\t\t\t<\/div>\n\t\t\t\t<\/div>\n\t\t\t\t\t<\/div>\n\t\t\t\t<\/div>\n\t\t<div class=\"elementor-element elementor-element-ff90030 e-flex e-con-boxed e-con e-parent\" data-id=\"ff90030\" data-element_type=\"container\" data-e-type=\"container\" data-settings=\"{&quot;background_background&quot;:&quot;classic&quot;,&quot;_ha_eqh_enable&quot;:false}\">\n\t\t\t\t\t<div class=\"e-con-inner\">\n\t\t\t\t<div class=\"elementor-element elementor-element-a6676d1 elementor-widget elementor-widget-heading\" data-id=\"a6676d1\" data-element_type=\"widget\" data-e-type=\"widget\" data-widget_type=\"heading.default\">\n\t\t\t\t<div class=\"elementor-widget-container\">\n\t\t\t\t\t<h2 class=\"elementor-heading-title elementor-size-default\">ESCOLHA SEU CURSO<\/h2>\t\t\t\t<\/div>\n\t\t\t\t<\/div>\n\t\t\t\t\t<\/div>\n\t\t\t\t<\/div>\n\t\t<div class=\"elementor-element elementor-element-2c08305 e-flex e-con-boxed e-con e-parent\" data-id=\"2c08305\" data-element_type=\"container\" data-e-type=\"container\" data-settings=\"{&quot;_ha_eqh_enable&quot;:false}\">\n\t\t\t\t\t<div class=\"e-con-inner\">\n\t\t<div class=\"elementor-element elementor-element-5f63566 e-con-full e-flex e-con e-child\" data-id=\"5f63566\" data-element_type=\"container\" data-e-type=\"container\" data-settings=\"{&quot;_ha_eqh_enable&quot;:false}\">\n\t\t\t\t<div class=\"elementor-element elementor-element-c847057 elementor-widget elementor-widget-image\" data-id=\"c847057\" data-element_type=\"widget\" data-e-type=\"widget\" data-widget_type=\"image.default\">\n\t\t\t\t<div class=\"elementor-widget-container\">\n\t\t\t\t\t\t\t\t\t\t\t\t\t\t\t\t<a href=\"https:\/\/carroetecnica.com.br\/curso\/curso-idea\" target=\"_blank\">\n\t\t\t\t\t\t\t<img decoding=\"async\" width=\"960\" height=\"339\" data-src=\"https:\/\/carroetecnica.com.br\/curso\/wp-content\/uploads\/2024\/02\/idea.png\" class=\"elementor-animation-pulse attachment-large size-large wp-image-298 lazyload\" alt=\"\" data-srcset=\"https:\/\/carroetecnica.com.br\/curso\/wp-content\/uploads\/2024\/02\/idea.png 960w, https:\/\/carroetecnica.com.br\/curso\/wp-content\/uploads\/2024\/02\/idea-300x106.png 300w, https:\/\/carroetecnica.com.br\/curso\/wp-content\/uploads\/2024\/02\/idea-768x271.png 768w\" data-sizes=\"(max-width: 960px) 100vw, 960px\" src=\"data:image\/svg+xml;base64,PHN2ZyB3aWR0aD0iMSIgaGVpZ2h0PSIxIiB4bWxucz0iaHR0cDovL3d3dy53My5vcmcvMjAwMC9zdmciPjwvc3ZnPg==\" style=\"--smush-placeholder-width: 960px; --smush-placeholder-aspect-ratio: 960\/339;\" \/>\t\t\t\t\t\t\t\t<\/a>\n\t\t\t\t\t\t\t\t\t\t\t\t\t\t\t<\/div>\n\t\t\t\t<\/div>\n\t\t\t\t<\/div>\n\t\t<div class=\"elementor-element elementor-element-ac4953b e-con-full e-flex e-con e-child\" data-id=\"ac4953b\" data-element_type=\"container\" data-e-type=\"container\" data-settings=\"{&quot;_ha_eqh_enable&quot;:false}\">\n\t\t\t\t<div class=\"elementor-element elementor-element-9e07b1b elementor-widget elementor-widget-image\" data-id=\"9e07b1b\" data-element_type=\"widget\" data-e-type=\"widget\" data-widget_type=\"image.default\">\n\t\t\t\t<div class=\"elementor-widget-container\">\n\t\t\t\t\t\t\t\t\t\t\t\t\t\t\t\t<a href=\"https:\/\/carroetecnica.com.br\/curso\/curso-de-injecao-eletronica\/\" target=\"_blank\">\n\t\t\t\t\t\t\t<img decoding=\"async\" width=\"960\" height=\"339\" data-src=\"https:\/\/carroetecnica.com.br\/curso\/wp-content\/uploads\/2024\/02\/6.svg\" class=\"elementor-animation-pulse attachment-large size-large wp-image-279 lazyload\" alt=\"Inje\u00e7\u00e3o Eletr\u00f4nica\" src=\"data:image\/svg+xml;base64,PHN2ZyB3aWR0aD0iMSIgaGVpZ2h0PSIxIiB4bWxucz0iaHR0cDovL3d3dy53My5vcmcvMjAwMC9zdmciPjwvc3ZnPg==\" style=\"--smush-placeholder-width: 960px; --smush-placeholder-aspect-ratio: 960\/339;\" \/>\t\t\t\t\t\t\t\t<\/a>\n\t\t\t\t\t\t\t\t\t\t\t\t\t\t\t<\/div>\n\t\t\t\t<\/div>\n\t\t\t\t<\/div>\n\t\t<div class=\"elementor-element elementor-element-7c7f431 e-con-full e-flex e-con e-child\" data-id=\"7c7f431\" data-element_type=\"container\" data-e-type=\"container\" data-settings=\"{&quot;_ha_eqh_enable&quot;:false}\">\n\t\t\t\t<div class=\"elementor-element elementor-element-92e6d1b elementor-widget elementor-widget-image\" data-id=\"92e6d1b\" data-element_type=\"widget\" data-e-type=\"widget\" data-widget_type=\"image.default\">\n\t\t\t\t<div class=\"elementor-widget-container\">\n\t\t\t\t\t\t\t\t\t\t\t\t\t\t\t\t<a href=\"https:\/\/carroetecnica.com.br\/curso\/curso-de-osciloscopio-automotivo\/\" target=\"_blank\">\n\t\t\t\t\t\t\t<img decoding=\"async\" width=\"960\" height=\"339\" data-src=\"https:\/\/carroetecnica.com.br\/curso\/wp-content\/uploads\/2024\/02\/5.svg\" class=\"elementor-animation-pulse attachment-large size-large wp-image-278 lazyload\" alt=\"Oscilosc\u00f3pio\" src=\"data:image\/svg+xml;base64,PHN2ZyB3aWR0aD0iMSIgaGVpZ2h0PSIxIiB4bWxucz0iaHR0cDovL3d3dy53My5vcmcvMjAwMC9zdmciPjwvc3ZnPg==\" style=\"--smush-placeholder-width: 960px; --smush-placeholder-aspect-ratio: 960\/339;\" \/>\t\t\t\t\t\t\t\t<\/a>\n\t\t\t\t\t\t\t\t\t\t\t\t\t\t\t<\/div>\n\t\t\t\t<\/div>\n\t\t\t\t<\/div>\n\t\t<div class=\"elementor-element elementor-element-5a7b996 e-con-full e-flex e-con e-child\" data-id=\"5a7b996\" data-element_type=\"container\" data-e-type=\"container\" data-settings=\"{&quot;_ha_eqh_enable&quot;:false}\">\n\t\t\t\t<div class=\"elementor-element elementor-element-7ab1bc5 elementor-widget elementor-widget-image\" data-id=\"7ab1bc5\" data-element_type=\"widget\" data-e-type=\"widget\" data-widget_type=\"image.default\">\n\t\t\t\t<div class=\"elementor-widget-container\">\n\t\t\t\t\t\t\t\t\t\t\t\t\t\t\t\t<a href=\"https:\/\/carroetecnica.com.br\/curso\/curso-de-injecao-eletronica-direta-gdi\" target=\"_blank\">\n\t\t\t\t\t\t\t<img decoding=\"async\" width=\"960\" height=\"339\" data-src=\"https:\/\/carroetecnica.com.br\/curso\/wp-content\/uploads\/2024\/03\/Thumbs-dos-cursos.png\" class=\"elementor-animation-pulse attachment-large size-large wp-image-589 lazyload\" alt=\"\" data-srcset=\"https:\/\/carroetecnica.com.br\/curso\/wp-content\/uploads\/2024\/03\/Thumbs-dos-cursos.png 960w, https:\/\/carroetecnica.com.br\/curso\/wp-content\/uploads\/2024\/03\/Thumbs-dos-cursos-300x106.png 300w, https:\/\/carroetecnica.com.br\/curso\/wp-content\/uploads\/2024\/03\/Thumbs-dos-cursos-768x271.png 768w\" data-sizes=\"(max-width: 960px) 100vw, 960px\" src=\"data:image\/svg+xml;base64,PHN2ZyB3aWR0aD0iMSIgaGVpZ2h0PSIxIiB4bWxucz0iaHR0cDovL3d3dy53My5vcmcvMjAwMC9zdmciPjwvc3ZnPg==\" style=\"--smush-placeholder-width: 960px; --smush-placeholder-aspect-ratio: 960\/339;\" \/>\t\t\t\t\t\t\t\t<\/a>\n\t\t\t\t\t\t\t\t\t\t\t\t\t\t\t<\/div>\n\t\t\t\t<\/div>\n\t\t\t\t<\/div>\n\t\t<div class=\"elementor-element elementor-element-837a0aa e-con-full e-flex e-con e-child\" data-id=\"837a0aa\" data-element_type=\"container\" data-e-type=\"container\" data-settings=\"{&quot;_ha_eqh_enable&quot;:false}\">\n\t\t\t\t<div class=\"elementor-element elementor-element-38acf21 elementor-widget elementor-widget-image\" data-id=\"38acf21\" data-element_type=\"widget\" data-e-type=\"widget\" data-widget_type=\"image.default\">\n\t\t\t\t<div class=\"elementor-widget-container\">\n\t\t\t\t\t\t\t\t\t\t\t\t\t\t\t\t<a href=\"https:\/\/carroetecnica.com.br\/curso\/curso-rede-can\/\" target=\"_blank\">\n\t\t\t\t\t\t\t<img decoding=\"async\" width=\"960\" height=\"339\" data-src=\"https:\/\/carroetecnica.com.br\/curso\/wp-content\/uploads\/2024\/02\/4.svg\" class=\"elementor-animation-pulse attachment-large size-large wp-image-277 lazyload\" alt=\"Rede CAN\" src=\"data:image\/svg+xml;base64,PHN2ZyB3aWR0aD0iMSIgaGVpZ2h0PSIxIiB4bWxucz0iaHR0cDovL3d3dy53My5vcmcvMjAwMC9zdmciPjwvc3ZnPg==\" style=\"--smush-placeholder-width: 960px; --smush-placeholder-aspect-ratio: 960\/339;\" \/>\t\t\t\t\t\t\t\t<\/a>\n\t\t\t\t\t\t\t\t\t\t\t\t\t\t\t<\/div>\n\t\t\t\t<\/div>\n\t\t\t\t<\/div>\n\t\t<div class=\"elementor-element elementor-element-e8d2923 e-con-full e-flex e-con e-child\" data-id=\"e8d2923\" data-element_type=\"container\" data-e-type=\"container\" data-settings=\"{&quot;_ha_eqh_enable&quot;:false}\">\n\t\t\t\t<div class=\"elementor-element elementor-element-f7a8435 elementor-widget elementor-widget-image\" data-id=\"f7a8435\" data-element_type=\"widget\" data-e-type=\"widget\" data-widget_type=\"image.default\">\n\t\t\t\t<div class=\"elementor-widget-container\">\n\t\t\t\t\t\t\t\t\t\t\t\t\t\t\t\t<a href=\"https:\/\/chat.whatsapp.com\/KmEQYzbFyEK9rWMZgCn2vn\" target=\"_blank\">\n\t\t\t\t\t\t\t<img decoding=\"async\" width=\"960\" height=\"339\" data-src=\"https:\/\/carroetecnica.com.br\/curso\/wp-content\/uploads\/2024\/04\/9.png\" class=\"elementor-animation-pulse attachment-large size-large wp-image-763 lazyload\" alt=\"\" data-srcset=\"https:\/\/carroetecnica.com.br\/curso\/wp-content\/uploads\/2024\/04\/9.png 960w, https:\/\/carroetecnica.com.br\/curso\/wp-content\/uploads\/2024\/04\/9-300x106.png 300w, https:\/\/carroetecnica.com.br\/curso\/wp-content\/uploads\/2024\/04\/9-768x271.png 768w\" data-sizes=\"(max-width: 960px) 100vw, 960px\" src=\"data:image\/svg+xml;base64,PHN2ZyB3aWR0aD0iMSIgaGVpZ2h0PSIxIiB4bWxucz0iaHR0cDovL3d3dy53My5vcmcvMjAwMC9zdmciPjwvc3ZnPg==\" style=\"--smush-placeholder-width: 960px; --smush-placeholder-aspect-ratio: 960\/339;\" \/>\t\t\t\t\t\t\t\t<\/a>\n\t\t\t\t\t\t\t\t\t\t\t\t\t\t\t<\/div>\n\t\t\t\t<\/div>\n\t\t\t\t<\/div>\n\t\t\t\t\t<\/div>\n\t\t\t\t<\/div>\n\t\t<div class=\"elementor-element elementor-element-c42823a e-flex e-con-boxed e-con e-parent\" data-id=\"c42823a\" data-element_type=\"container\" data-e-type=\"container\" data-settings=\"{&quot;background_background&quot;:&quot;classic&quot;,&quot;_ha_eqh_enable&quot;:false}\">\n\t\t\t\t\t<div class=\"e-con-inner\">\n\t\t\t\t<div class=\"elementor-element elementor-element-e7bbcf1 animated-slow elementor-invisible elementor-widget elementor-widget-heading\" data-id=\"e7bbcf1\" data-element_type=\"widget\" data-e-type=\"widget\" data-settings=\"{&quot;_animation&quot;:&quot;fadeInLeft&quot;}\" data-widget_type=\"heading.default\">\n\t\t\t\t<div class=\"elementor-widget-container\">\n\t\t\t\t\t<h2 class=\"elementor-heading-title elementor-size-default\">Invista em uma nova capacita\u00e7\u00e3o, agregue mais valor \u00e0 sua carreira e aumente a efici\u00eancia dos seus servi\u00e7os!<\/h2>\t\t\t\t<\/div>\n\t\t\t\t<\/div>\n\t\t\t\t\t<\/div>\n\t\t\t\t<\/div>\n\t\t\t\t<\/div>\n\t\t","protected":false},"excerpt":{"rendered":"<p>Carro &amp; T\u00e9cnica Treinamentos Voc\u00ea diagnosticando melhor! AUMENTE SEU FATURAMENTO REALIZANDO DIAGN\u00d3STICOS R\u00c1PIDOS E PRECISOS ESCOLHA SEU CURSO Invista em uma nova capacita\u00e7\u00e3o, agregue mais valor \u00e0 sua carreira e aumente a efici\u00eancia dos seus servi\u00e7os!<\/p>\n","protected":false},"author":1,"featured_media":0,"parent":0,"menu_order":0,"comment_status":"closed","ping_status":"open","template":"elementor_canvas","meta":{"_joinchat":[],"footnotes":""},"class_list":["post-14","page","type-page","status-publish","hentry"],"_links":{"self":[{"href":"https:\/\/carroetecnica.com.br\/curso\/wp-json\/wp\/v2\/pages\/14","targetHints":{"allow":["GET"]}}],"collection":[{"href":"https:\/\/carroetecnica.com.br\/curso\/wp-json\/wp\/v2\/pages"}],"about":[{"href":"https:\/\/carroetecnica.com.br\/curso\/wp-json\/wp\/v2\/types\/page"}],"author":[{"embeddable":true,"href":"https:\/\/carroetecnica.com.br\/curso\/wp-json\/wp\/v2\/users\/1"}],"replies":[{"embeddable":true,"href":"https:\/\/carroetecnica.com.br\/curso\/wp-json\/wp\/v2\/comments?post=14"}],"version-history":[{"count":64,"href":"https:\/\/carroetecnica.com.br\/curso\/wp-json\/wp\/v2\/pages\/14\/revisions"}],"predecessor-version":[{"id":2811,"href":"https:\/\/carroetecnica.com.br\/curso\/wp-json\/wp\/v2\/pages\/14\/revisions\/2811"}],"wp:attachment":[{"href":"https:\/\/carroetecnica.com.br\/curso\/wp-json\/wp\/v2\/media?parent=14"}],"curies":[{"name":"wp","href":"https:\/\/api.w.org\/{rel}","templated":true}]}}